{"id":11412,"date":"2023-08-24T14:54:32","date_gmt":"2023-08-24T14:54:32","guid":{"rendered":"https:\/\/sd6.io\/?page_id=11412"},"modified":"2023-08-24T14:55:09","modified_gmt":"2023-08-24T14:55:09","slug":"privacy-policy","status":"publish","type":"page","link":"https:\/\/sd6.io\/index.php\/privacy-policy\/","title":{"rendered":"Privacy policy"},"content":{"rendered":"\t\t<div data-elementor-type=\"wp-page\" data-elementor-id=\"11412\" class=\"elementor elementor-11412\" data-elementor-post-type=\"page\">\n\t\t\t\t\t\t<section class=\"elementor-section elementor-top-section elementor-element elementor-element-d405af9 elementor-section-boxed elementor-section-height-default elementor-section-height-default\" data-id=\"d405af9\" data-element_type=\"section\" data-e-type=\"section\">\n\t\t\t\t\t\t<div class=\"elementor-container elementor-column-gap-default\">\n\t\t\t\t\t<div class=\"elementor-column elementor-col-100 elementor-top-column elementor-element elementor-element-3916de8\" data-id=\"3916de8\" data-element_type=\"column\" data-e-type=\"column\">\n\t\t\t<div class=\"elementor-widget-wrap elementor-element-populated\">\n\t\t\t\t\t\t<div class=\"elementor-element elementor-element-0c16d4c elementor-widget elementor-widget-text-editor\" data-id=\"0c16d4c\" data-element_type=\"widget\" data-e-type=\"widget\" data-widget_type=\"text-editor.default\">\n\t\t\t\t<div class=\"elementor-widget-container\">\n\t\t\t\t\t\t\t\t\t<p><strong>Informativa privacy ai sensi del Reg UE 2016\/679 (Regolamento Europeo in materia di protezione dei dati personali), del D. Lgs 30 giugno 2003 n. 196 (Codice in materia di protezione dei dati personali) aggiornato al D. Lgs del 10 agosto 2018 e del provvedimento n. 229 dell\u20198 maggio 2014 (cookie law)<\/strong><\/p><p><strong>Titolare del Trattamento<\/strong><\/p><p>Il Titolare del Trattamento dei dati relativi al sito web https:\/\/computerinformatica.it\/\u00a0\u00a0\u00e8 SD6 SRL con sede in\u00a0\u00a0via Cortina 34, 32044, Pieve di Cadore (BL),\u00a0\u00a0\u00a0\u00a0\u00a0Tel.\u00a0043533692 e-mail:\u00a0<a>amministrazione@sd6.io<br \/><\/a>\u00a0<\/p><p><strong>Tipologia di dati trattati<\/strong><br \/>La visita e la consultazione del Sito non comportano in genere raccolta e trattamento dei dati personali dell\u2019utente salvo che per i dati di navigazione e i cookie come di seguito specificato.\u00a0<\/p><p>I sistemi informatici e le procedure software preposte al funzionamento di questo sito web acquisiscono, nel corso del loro normale esercizio, alcuni dati personali la cui trasmissione \u00e8 implicita nell\u2019uso dei protocolli di comunicazione di Internet.\u00a0<\/p><p>Questi dati (quali ad esempio nomi di dominio, indirizzi IP, sistema operativo utilizzato, tipo di device di browser utilizzati per la connessione) non sono accompagnati da alcuna informazione personale aggiuntiva e vengono utilizzati per ricavare informazioni statistiche anonime sull\u2019uso del sito, gestire esigenze di controllo delle modalit\u00e0 di utilizzo dello stesso o accertare responsabilit\u00e0 in caso di ipotetici reati informatici.<\/p><p>Si tratta di informazioni che non sono raccolte per essere associate a interessati identificati, ma che per loro stessa natura potrebbero, attraverso elaborazioni ed associazioni con dati detenuti da terzi, permettere di identificare gli utenti. Questi dati vengono utilizzati al solo fine di ricavare informazioni statistiche anonime sull\u2019uso del sito e per controllarne il corretto funzionamento e vengono cancellati immediatamente dopo l\u2019elaborazione.\u00a0<\/p><p><strong>Base giuridica del trattamento<\/strong><\/p><p><em>I trattamenti posti in essere si basano su un legittimo interesse del Titolare, quale quello assicurare il corretto funzionamento delle pagine web e dei loro contenuti.<\/em><\/p><p><em><strong>Form \u201cContatti\u201d<\/strong><\/em><\/p><p><em>L\u2019utente ricevere informazioni pu\u00f2 inviare una comunicazione mediante l\u2019apposita form online nella pagina: contatti. I dati conferiti sono solo nome e\u00a0\u00a0indirizzo mail. La finalit\u00e0 \u00e8 quella di poterLe fornire i servizi richiesti. In questo caso la base giuridica del trattamento \u00e8 rappresentata dalla necessit\u00e0 di dare esecuzione a misure precontrattuali adottate su richiesta dell\u2019Interessato (lett. b) dell\u2019art. 6 GDPR).<\/em><\/p><p><em><strong>Destinatari dei dati<\/strong><\/em><\/p><p><em>Nei limiti pertinenti alle finalit\u00e0 di trattamento indicate, i Suoi dati potranno essere comunicati ai nostri collaboratori interni e a partner, societ\u00e0 di consulenza, aziende private, nominati Responsabili dal Titolare del Trattamento. I Suoi dati non saranno in alcun modo oggetto di diffusione<\/em><\/p><p><em><strong>Trasferimento dei dati all\u2019estero<\/strong><\/em><\/p><p><em>Il presente sito potrebbe condividere alcuni dei dati raccolti con servizi localizzati al di fuori dell\u2019area dell\u2019Unione Europea. In particolare con sistemi di hosting e per tramite di servizi di cloud storage<\/em>. I dati potranno essere trasferiti all\u2019estero in paesi extra-europei, e in particolare negli Stati Uniti, solo previa verifica delle clausole contrattuali tipo (Standard Contractual Clauses) adottate\/approvate dalla Commissione Europea ai sensi dell\u2019art. 46, par. 2, lett. c) e d) del GDPR o delle norme vincolanti per l\u2019impresa di cui all\u2019art. 47 del GDPR o, in assenza, in forza di una delle misure derogatorie di cui all\u2019art. 49 del GDPR.<\/p><p><em><strong>Periodo di conservazione<\/strong><\/em><\/p><p><em>I dati raccolti verranno conservati per un arco di tempo non superiore al conseguimento delle finalit\u00e0 per le quali sono trattati e\/o fino al termine dell\u2019obbligo di legge se previsto;\u00a0<\/em>eventuali dati relativi ad attivit\u00e0 di marketing e profilazione vengono conservati fino a revoca del consenso<\/p><p><em><strong>Obbligatoriet\u00e0 o meno del conferimento dati<\/strong><\/em><\/p><p><em>Il conferimento dei dati personali a seguito della navigazione sul sito \u00e8 obbligatorio per il corretto funzionamento del sito stesso. Il conferimento dei dati nella form di contatto \u00e8 facoltativo, ma indispensabile per poterLe inviare le informazioni richieste.<\/em><\/p><p><strong>Diritti dell\u2019interessato<\/strong><\/p><p>In qualit\u00e0 di interessato Lei ha il diritto di ottenere dal titolare del trattamento la conferma che sia o meno in corso un trattamento di dati personali che La riguardano e in tal caso, di ottenere l\u2019accesso ai dati personali e alle seguenti informazioni:<\/p><p>a) le finalit\u00e0 del trattamento;<\/p><p>b) le categorie di dati personali in questione;<\/p><p>c) i destinatari o le categorie di destinatari a cui i dati personali sono stati o saranno comunicati, in particolare se destinatari di paesi terzi o organizzazioni internazionali;<\/p><p>d) il periodo di conservazione dei dati personali previsto oppure i criteri utilizzati per determinare tale periodo;<\/p><p>e) il diritto di chiedere al titolare del trattamento la rettifica o la cancellazione dei dati personali o la limitazione del trattamento dei dati personali che La riguardano o di opporsi al loro trattamento;<\/p><p>f) il diritto di proporre reclamo a un\u2019autorit\u00e0 di controllo;<\/p><p>h) l\u2019esistenza di un processo decisionale automatizzato, compresa la profilazione e, almeno in tali casi, informazioni significative sulla logica utilizzata, nonch\u00e9 l\u2019importanza e le conseguenze previste di tale trattamento per l\u2019interessato.<\/p><p><strong>Diritto di cui all\u2019art. 17 del Reg. UE 2016\/679<\/strong>\u00a0\u2013\u00a0<strong>diritto alla cancellazione<\/strong>\u00a0(\u00abdiritto all\u2019oblio\u00bb)\u00a0<\/p><p>\u00a0L\u2019interessato ha il diritto di ottenere dal titolare del trattamento la cancellazione dei dati personali che lo riguardano senza ingiustificato ritardo e il titolare del trattamento ha l\u2019obbligo di cancellare senza ingiustificato ritardo i dati personali, salvo obblighi di legge, se sussiste uno dei motivi seguenti:<br \/>a) i dati personali non sono pi\u00f9 necessari rispetto alle finalit\u00e0 per le quali sono stati raccolti o altrimenti trattati;<\/p><p>b) l\u2019interessato revoca il consenso su cui si basa il trattamento e se non sussiste altro fondamento giuridico per il trattamento;<\/p><p>c) l\u2019interessato si oppone al trattamento e non sussiste alcun motivo legittimo prevalente per procedere al trattamento, oppure si oppone al trattamento;<\/p><p>d) i dati personali sono stati trattati illecitamente;<\/p><p>e) i dati personali devono essere cancellati per adempiere un obbligo legale previsto dal diritto dell\u2019Unione o dello Stato membro cui \u00e8 soggetto il titolare del trattamento;<\/p><p>f) i dati personali sono stati raccolti relativamente all\u2019offerta di servizi della societ\u00e0 dell\u2019informazione.<\/p><p><strong>Diritto di cui all\u2019 art. 18 Diritto di limitazione di trattamento<\/strong><\/p><p>L\u2019interessato ha il diritto di ottenere dal titolare del trattamento la limitazione del trattamento quando ricorre una delle seguenti ipotesi:<\/p><p>a) l\u2019interessato contesta l\u2019esattezza dei dati personali, per il periodo necessario al titolare del trattamento per verificare l\u2019esattezza di tali dati personali;<\/p><p>b) il trattamento \u00e8 illecito e l\u2019interessato si oppone alla cancellazione dei dati personali e chiede invece che ne sia limitato l\u2019utilizzo;<\/p><p>c) bench\u00e9 il titolare del trattamento non ne abbia pi\u00f9 bisogno ai fini del trattamento, i dati personali sono necessari all\u2019interessato per l\u2019accertamento, l\u2019esercizio o la difesa di un diritto in sede giudiziaria;<\/p><p>d) l\u2019interessato si \u00e8 opposto al trattamento ai sensi dell\u2019articolo 21, paragrafo 1, Reg UE 2016\/679 in attesa della verifica in merito all\u2019eventuale prevalenza dei motivi legittimi del titolare del trattamento rispetto a quelli dell\u2019interessato.<\/p><p><strong>Diritto di cui all\u2019art.20 Diritto alla portabilit\u00e0 dei dati<\/strong><\/p><p>\u00a0L\u2019interessato ha il diritto di ricevere in un formato strutturato, di uso comune e leggibile da dispositivo automatico i dati personali che lo riguardano forniti a un titolare del trattamento e ha il diritto di trasmettere tali dati a un altro titolare del trattamento senza impedimenti da parte del titolare del trattamento. Tale attivit\u00e0 potrebbe essere a titolo oneroso per l\u2019interessato.<\/p><p>Se desidera avere maggiori informazioni sul trattamento dei Suoi dati personali, pu\u00f2 inviare una raccomandata A\/R al seguente indirizzo: SD6 SRL, in\u00a0\u00a0via Cortina 34, 32044, Pieve di Cadore (BL) o scrivere una mail all\u2019indirizzo\u00a0<a href=\"mailto:%20amministrazione@sd6.io\">\u00a0amministrazione@sd6.io<\/a>. Prima di poterLe fornire, o modificare qualsiasi informazione, potrebbe essere necessario verificare la Sua identit\u00e0 e rispondere ad alcune domande. Una risposta sar\u00e0 fornita al pi\u00f9 presto.<\/p><p><strong>Informativa estesa sui cookie<\/strong><\/p><p>Cosa sono i cookies<\/p><p>I cookies sono piccoli file di testo che vengono automaticamente posizionati sul PC del navigatore all\u2019interno del browser. Essi contengono informazioni di base sulla navigazione in Internet e grazie al browser vengono riconosciuti ogni volta che l\u2019utente visita il sito.\u00a0<\/p><p>Di seguito sono riportate tutte le indicazioni sui cookie installati da questo sito e le indicazioni necessarie su come gestire le Sue preferenze.<\/p><p>Cookie utilizzati da questo sito<\/p><p>Questo sito utilizza cookie, anche di terze parti, per migliorarne l\u2019esperienza di navigazione e consentire a chi naviga di usufruire dei nostri servizi online e di visualizzare pubblicit\u00e0 in linea con le proprie preferenze. I cookies utilizzati in questo sito rientrano nelle categorie descritte di seguito.<\/p><p><strong>Gestione dei cookie<\/strong><\/p><p>1 \u2013 Cookie tecnici<\/p><p>I cookie tecnici descritti qui di seguito non richiedono consenso perci\u00f2 vengono installati automaticamente a seguito dell\u2019accesso al sito.\u00a0<\/p><ul><li>Cookie necessari al funzionamento: cookies che permettono al sito di funzionare correttamente anche consentendo all\u2019utente di avere un\u2019esperienza di navigazione funzionale. Ad esempio, mantengono l\u2019utente collegato durante la navigazione evitando che il sito richieda di collegarsi pi\u00f9 volte per accedere alle pagine successive.\u00a0<\/li><li>Cookie per il salvataggio delle preferenze: cookie che permettono di ricordare le preferenze selezionate dall\u2019utente durante la navigazione, ad esempio, consentono di impostare la lingua.\u00a0<\/li><li>Cookie Statistiche e di Misurazione dell\u2019audience: cookie che aiutano a capire, attraverso dati raccolti in forma anonima e aggregata, come gli utenti interagiscono con il sito internet fornendo informazioni relative alle sezioni visitate, il tempo trascorso sul sito, eventuali malfunzionamenti.<\/li><\/ul><p>2 \u2013 Cookie Statistici e di Misurazione dell\u2019audience di terze parti<\/p><p>Questi cookie forniscono informazioni anonime\/aggregate sul modo in cui i visitatori navigano sul sito. Di seguito i link alle rispettive pagine di cookies policy per gestire il consenso.<\/p><p>Google Maps: Sono cookie utilizzati da Google Maps per memorizzare le preferenze utente durante la visualizzazione delle mappe (PREF) e per tenere traccia del comportamento del visitatore (gli altri cookie).<\/p><p><a href=\"https:\/\/policies.google.com\/privacy\">privacy policy<\/a><\/p><p>Nel sito sono presenti dei\u00a0\u00a0link ai rispettivi canali social di SD6 SRL Vi preghiamo di verificare direttamente presso le singole piattaforme, che per comodit\u00e0 riportiamo, le cookie policy.<\/p><p>Link social<\/p><p>Facebook\u00a0\u00a0\u00a0\u00a0\u00a0\u00a0\u00a0\u00a0<a href=\"https:\/\/www.facebook.com\/policies\/cookies\/\">Privacy Policy\u00a0\u00a0<\/a><\/p><p>Instagram\u00a0\u00a0\u00a0\u00a0\u00a0\u00a0\u00a0\u00a0<a href=\"https:\/\/www.facebook.com\/policies\/cookies\/\">Privacy Policy\u00a0\u00a0<\/a><\/p><p><strong>Disabilitazione Cookie<\/strong><\/p><p>Le ricordiamo che pu\u00f2 gestire le Sue preferenze sui cookie anche attraverso il browser<\/p><p>Se si utilizza Internet Explorer<\/p><p>In Internet Explorer, fare clic su \u201cStrumenti\u201d e selezionare \u201cOpzioni Internet\u201d. Nella scheda Privacy, spostare il cursore verso l\u2019alto per bloccare tutti i cookie o verso il basso per consentire tutti i cookie, e quindi fare clic su OK.<\/p><p>Se si utilizza il browser Firefox<\/p><p>Scegliere il men\u00f9 \u201cStrumenti\u201d del browser e selezionare il menu \u201cOpzioni\u201d. Fare clic sulla scheda \u201cPrivacy\u201d. Nell\u2019elenco a discesa \u201cRegole di conservazione\u201d selezionare il livello desiderato. Spuntare la casella \u201cAccettare i cookie\u201d per attivare i cookie, o togliere la spunta per disattivarli. Scegliere per quanto tempo i cookie possono essere conservati.<\/p><p>Se si utilizza il browser Safari<\/p><p>Cliccare nel Men\u00f9 Safari, selezionare il menu \u201cModifica\u201d e selezionare \u201cPreferences\u201d. Cliccare su \u201cPrivacy\u201d. Posizionare l\u2019impostazione \u201ccookies Block\u201d e fare clic su OK.<\/p><p>Se si utilizza il browser Google Chrome<\/p><p>Cliccare sul menu Chrome nella barra degli strumenti del browser. Selezionare \u201cImpostazioni\u201d. Cliccare su \u201cMostra impostazioni avanzate\u201d. Nella sezione \u201cPrivacy\u201d, cliccare su \u201cImpostazioni contenuti\u201d. Nella sezione \u201cCookies\u201d, selezionare \u201cImpedisci a tutti i siti di salvare i dati\u201d e quindi fare clic su OK.<\/p><p>In ogni momento Lei potr\u00e0 richiedere, scrivendo all\u2019indirizzo del titolare del presente sito, l\u2019accesso ai Suoi dati personali, la rettifica o la cancellazione degli stessi o anche semplicemente la limitazione del loro trattamento (anonimizzazione) o proporre reclamo all\u2019Autorit\u00e0 Garante per la Protezione dei Dati, qualora ritenesse siano stati violati i suoi diritti.\u00a0<\/p>\t\t\t\t\t\t\t\t<\/div>\n\t\t\t\t<\/div>\n\t\t\t\t\t<\/div>\n\t\t<\/div>\n\t\t\t\t\t<\/div>\n\t\t<\/section>\n\t\t\t\t<\/div>\n\t\t","protected":false},"excerpt":{"rendered":"<p>Informativa privacy ai sensi del Reg UE 2016\/679 (Regolamento Europeo in materia di protezione dei dati personali), del D. Lgs 30 giugno 2003 n. 196 (Codice in materia di protezione dei dati personali) aggiornato al D. Lgs del 10 agosto 2018 e del provvedimento n. 229 dell\u20198 maggio 2014 (cookie law) Titolare del Trattamento Il [&hellip;]<\/p>\n","protected":false},"author":1,"featured_media":0,"parent":0,"menu_order":0,"comment_status":"closed","ping_status":"closed","template":"","meta":{"footnotes":""},"class_list":["post-11412","page","type-page","status-publish","hentry"],"_links":{"self":[{"href":"https:\/\/sd6.io\/index.php\/wp-json\/wp\/v2\/pages\/11412","targetHints":{"allow":["GET"]}}],"collection":[{"href":"https:\/\/sd6.io\/index.php\/wp-json\/wp\/v2\/pages"}],"about":[{"href":"https:\/\/sd6.io\/index.php\/wp-json\/wp\/v2\/types\/page"}],"author":[{"embeddable":true,"href":"https:\/\/sd6.io\/index.php\/wp-json\/wp\/v2\/users\/1"}],"replies":[{"embeddable":true,"href":"https:\/\/sd6.io\/index.php\/wp-json\/wp\/v2\/comments?post=11412"}],"version-history":[{"count":4,"href":"https:\/\/sd6.io\/index.php\/wp-json\/wp\/v2\/pages\/11412\/revisions"}],"predecessor-version":[{"id":11416,"href":"https:\/\/sd6.io\/index.php\/wp-json\/wp\/v2\/pages\/11412\/revisions\/11416"}],"wp:attachment":[{"href":"https:\/\/sd6.io\/index.php\/wp-json\/wp\/v2\/media?parent=11412"}],"curies":[{"name":"wp","href":"https:\/\/api.w.org\/{rel}","templated":true}]}}