{"id":11373,"date":"2023-08-24T14:14:49","date_gmt":"2023-08-24T14:14:49","guid":{"rendered":"https:\/\/sd6.io\/?page_id=11373"},"modified":"2023-08-24T14:34:10","modified_gmt":"2023-08-24T14:34:10","slug":"servizi","status":"publish","type":"page","link":"https:\/\/sd6.io\/index.php\/servizi\/","title":{"rendered":"Servizi"},"content":{"rendered":"\t\t<div data-elementor-type=\"wp-page\" data-elementor-id=\"11373\" class=\"elementor elementor-11373\" data-elementor-post-type=\"page\">\n\t\t\t\t\t\t<section class=\"elementor-section elementor-top-section elementor-element elementor-element-c083e7e elementor-section-full_width elementor-section-height-min-height elementor-section-height-default elementor-section-items-middle\" data-id=\"c083e7e\" data-element_type=\"section\" data-e-type=\"section\" data-settings=\"{&quot;background_background&quot;:&quot;classic&quot;}\">\n\t\t\t\t\t\t<div class=\"elementor-container elementor-column-gap-no\">\n\t\t\t\t\t<div class=\"elementor-column elementor-col-100 elementor-top-column elementor-element elementor-element-8e39d59\" data-id=\"8e39d59\" data-element_type=\"column\" data-e-type=\"column\">\n\t\t\t<div class=\"elementor-widget-wrap\">\n\t\t\t\t\t\t\t<\/div>\n\t\t<\/div>\n\t\t\t\t\t<\/div>\n\t\t<\/section>\n\t\t\t\t<section class=\"elementor-section elementor-top-section elementor-element elementor-element-300d4cc elementor-section-full_width elementor-section-height-default elementor-section-height-default\" data-id=\"300d4cc\" data-element_type=\"section\" data-e-type=\"section\" data-settings=\"{&quot;background_background&quot;:&quot;classic&quot;}\">\n\t\t\t\t\t\t<div class=\"elementor-container elementor-column-gap-no\">\n\t\t\t\t\t<div class=\"elementor-column elementor-col-50 elementor-top-column elementor-element elementor-element-ce11982\" data-id=\"ce11982\" data-element_type=\"column\" data-e-type=\"column\">\n\t\t\t<div class=\"elementor-widget-wrap elementor-element-populated\">\n\t\t\t\t\t\t<div class=\"elementor-element elementor-element-5883ad9 elementor-widget elementor-widget-leroux_core_single_image\" data-id=\"5883ad9\" data-element_type=\"widget\" data-e-type=\"widget\" data-widget_type=\"leroux_core_single_image.default\">\n\t\t\t\t<div class=\"elementor-widget-container\">\n\t\t\t\t\t<div class=\"qodef-shortcode qodef-m  qodef-single-image qodef-layout--default   \">\n\t\t\t<div class=\"qodef-m-image\">\n\t\t\t\t\t\t\t\t<img fetchpriority=\"high\" decoding=\"async\" width=\"1920\" height=\"1280\" src=\"https:\/\/sd6.io\/wp-content\/uploads\/2023\/08\/female-director-holds-personal-organizer-looks-th-2022-09-01-21-29-45-utcweb.jpg\" class=\"attachment-full size-full\" alt=\"\" srcset=\"https:\/\/sd6.io\/wp-content\/uploads\/2023\/08\/female-director-holds-personal-organizer-looks-th-2022-09-01-21-29-45-utcweb.jpg 1920w, https:\/\/sd6.io\/wp-content\/uploads\/2023\/08\/female-director-holds-personal-organizer-looks-th-2022-09-01-21-29-45-utcweb-600x400.jpg 600w, https:\/\/sd6.io\/wp-content\/uploads\/2023\/08\/female-director-holds-personal-organizer-looks-th-2022-09-01-21-29-45-utcweb-300x200.jpg 300w, https:\/\/sd6.io\/wp-content\/uploads\/2023\/08\/female-director-holds-personal-organizer-looks-th-2022-09-01-21-29-45-utcweb-1024x683.jpg 1024w, https:\/\/sd6.io\/wp-content\/uploads\/2023\/08\/female-director-holds-personal-organizer-looks-th-2022-09-01-21-29-45-utcweb-768x512.jpg 768w, https:\/\/sd6.io\/wp-content\/uploads\/2023\/08\/female-director-holds-personal-organizer-looks-th-2022-09-01-21-29-45-utcweb-1536x1024.jpg 1536w\" sizes=\"(max-width: 1920px) 100vw, 1920px\" \/>\t\t\t\t\t\t\t<\/div>\n\t<\/div>\n\t\t\t\t<\/div>\n\t\t\t\t<\/div>\n\t\t\t\t\t<\/div>\n\t\t<\/div>\n\t\t\t\t<div class=\"elementor-column elementor-col-50 elementor-top-column elementor-element elementor-element-44e4fc1\" data-id=\"44e4fc1\" data-element_type=\"column\" data-e-type=\"column\">\n\t\t\t<div class=\"elementor-widget-wrap elementor-element-populated\">\n\t\t\t\t\t\t<div class=\"elementor-element elementor-element-24aa9dd elementor-widget elementor-widget-leroux_core_section_title\" data-id=\"24aa9dd\" data-element_type=\"widget\" data-e-type=\"widget\" data-widget_type=\"leroux_core_section_title.default\">\n\t\t\t\t<div class=\"elementor-widget-container\">\n\t\t\t\t\t<div class=\"qodef-shortcode qodef-m  qodef-section-title qodef-alignment--left qodef-title-break--disabled\">\n\t\t<h2 class=\"qodef-m-title\" >\n\t\t\t\t\tMondo consumer\t\t\t<\/h2>\n\t<\/div>\n\t\t\t\t<\/div>\n\t\t\t\t<\/div>\n\t\t\t\t<div class=\"elementor-element elementor-element-e164d76 elementor-widget elementor-widget-leroux_core_accordion\" data-id=\"e164d76\" data-element_type=\"widget\" data-e-type=\"widget\" data-widget_type=\"leroux_core_accordion.default\">\n\t\t\t\t<div class=\"elementor-widget-container\">\n\t\t\t\t\t<div class=\"qodef-shortcode qodef-m  qodef-accordion clear qodef-behavior--accordion qodef-layout--simple qodef-icon--layout-1\" >\n\t<h5 class=\"qodef-accordion-title\">\n\t<span class=\"qodef-tab-title\">Vendita e assistenza MAC e PC<\/span>\n\t<span class=\"qodef-accordion-mark\">\n                    <span class=\"qodef-icon--plus qodef-icon-layout--1\">\n                <svg class=\"qodef-svg--arrow-down\" xmlns=\"http:\/\/www.w3.org\/2000\/svg\" width=\"16.112\" height=\"16.112\" viewBox=\"0 0 16.112 16.112\"><g transform=\"translate(15.612 8.056) rotate(135)\"><line x2=\"10.686\" y2=\"10.686\" transform=\"translate(0 10.686) rotate(-90)\" fill=\"none\" stroke=\"currentColor\" stroke-width=\"1\"\/><line y2=\"10.565\" transform=\"translate(0.052 0.121) rotate(-90)\" fill=\"none\" stroke=\"currentColor\" stroke-width=\"1\"\/><line x2=\"10.565\" transform=\"translate(10.617 10.686) rotate(-90)\" fill=\"none\" stroke=\"currentColor\" stroke-width=\"1\"\/><\/g><\/svg>            <\/span>\n        \t\t<span class=\"qodef-icon--minus\"><\/span>\n\t<\/span>\n<\/h5>\n<div class=\"qodef-accordion-content\">\n\t<div class=\"qodef-accordion-content-inner\">\n\t\t<p style=\"text-align: left;\"><strong>Benvenuti nel Mondo dei PC e Mac: Vendita e Assistenza all'Avanguardia<\/strong><\/p><p style=\"text-align: left;\">Presso Computer &amp; Informatica - SD6 srl, ci dedichiamo ad offrire un servizio completo per l'acquisto, la personalizzazione e l'assistenza di PC e Mac, soddisfacendo le esigenze digitali con passione e competenza.<\/p><p style=\"text-align: left;\"><strong>Scelta Senza Confini: PC e Mac su Misura per Te<\/strong><\/p><p style=\"text-align: left;\">Dai uno sguardo alla nostra vasta selezione di PC e Mac, dove la scelta \u00e8 tua. Dalle prestazioni ineguagliabili dei PC all'eleganza e alla fluidit\u00e0 dei Mac, ti garantiamo una gamma di opzioni che si adattano al tuo stile di vita e alle tue esigenze lavorative.<\/p><p style=\"text-align: left;\"><strong>Esperti a Tua Disposizione: Assistenza Tecnica di Eccellenza<\/strong><\/p><p style=\"text-align: left;\">La tua esperienza non finisce con l'acquisto. Il nostro team di esperti dedicati \u00e8 pronto a fornire assistenza tempestiva per risolvere ogni problema e ottimizzare le prestazioni del tuo dispositivo. Sia che tu abbia bisogno di risoluzione di problemi, upgrade hardware o supporto software, siamo qui per te.<\/p><p style=\"text-align: left;\"><strong>Personalizzazione Illimitata: Adattiamo il Tuo PC o Mac alle Tue Esigenze<\/strong><\/p><p style=\"text-align: left;\">Ogni persona \u00e8 unica, e cos\u00ec dovrebbe essere il tuo dispositivo. Personalizziamo PC e Mac con aggiornamenti hardware, software su misura e configurazioni ottimizzate, garantendo che il tuo dispositivo rifletta esattamente ci\u00f2 di cui hai bisogno.<\/p>\t<\/div>\n<\/div>\n<h5 class=\"qodef-accordion-title\">\n\t<span class=\"qodef-tab-title\">Vendita e riparazione smartphone<\/span>\n\t<span class=\"qodef-accordion-mark\">\n                    <span class=\"qodef-icon--plus qodef-icon-layout--1\">\n                <svg class=\"qodef-svg--arrow-down\" xmlns=\"http:\/\/www.w3.org\/2000\/svg\" width=\"16.112\" height=\"16.112\" viewBox=\"0 0 16.112 16.112\"><g transform=\"translate(15.612 8.056) rotate(135)\"><line x2=\"10.686\" y2=\"10.686\" transform=\"translate(0 10.686) rotate(-90)\" fill=\"none\" stroke=\"currentColor\" stroke-width=\"1\"\/><line y2=\"10.565\" transform=\"translate(0.052 0.121) rotate(-90)\" fill=\"none\" stroke=\"currentColor\" stroke-width=\"1\"\/><line x2=\"10.565\" transform=\"translate(10.617 10.686) rotate(-90)\" fill=\"none\" stroke=\"currentColor\" stroke-width=\"1\"\/><\/g><\/svg>            <\/span>\n        \t\t<span class=\"qodef-icon--minus\"><\/span>\n\t<\/span>\n<\/h5>\n<div class=\"qodef-accordion-content\">\n\t<div class=\"qodef-accordion-content-inner\">\n\t\t<p>Presso Computer &amp; Informatica - SD6 srl, ci impegniamo a offrire un servizio completo per la vendita di smartphone di alta qualit\u00e0 e la riparazione tempestiva e professionale dei dispositivi danneggiati.<\/p><p><strong>Tecnologia all'Avanguardia: Scopri la Nostra Selezione di Smartphone<\/strong><\/p><p>Esplora la nostra vasta gamma di smartphone delle migliori marche, dal design sofisticato alle caratteristiche innovative. Scegli tra le opzioni pi\u00f9 recenti per trovare il dispositivo che soddisfa le tue esigenze personali e professionali.<\/p><p><strong>Ripristina la Tua Connessione: Riparazione Rapida e Affidabile<\/strong><\/p><p>I nostri esperti tecnici sono qui per aiutarti a riparare il tuo smartphone in tempi rapidi. Dalle schermate rotte ai problemi di batteria, affrontiamo ogni sfida con competenza e dedizione, assicurando che il tuo dispositivo torni a funzionare come nuovo.<\/p><p><strong>Diagnosi Professionale: Troviamo la Soluzione Giusta<\/strong><\/p><p>Prima di iniziare qualsiasi riparazione, eseguiamo una diagnosi completa del tuo smartphone per identificare il problema e stabilire la soluzione migliore. Questo ci consente di offrirti un preventivo accurato e una consulenza professionale.<\/p><p><strong>Assistenza a 360 Gradi: Servizi Aggiuntivi per la Tua Pace Mentale<\/strong><\/p><p>Oltre alla riparazione, offriamo servizi aggiuntivi come backup dei dati, recupero delle informazioni e consulenza per ottimizzare le prestazioni del tuo smartphone. La tua esperienza con noi non finisce con la riparazione: puntiamo alla tua completa soddisfazione.<\/p><p><strong>Garanzia di Qualit\u00e0: Il Tuo Smartphone \u00e8 Tra le Nostre Mani Sicure<\/strong><\/p><p>La nostra esperienza e l'attenzione ai dettagli sono la base della nostra garanzia di qualit\u00e0. Ogni riparazione viene eseguita con cura, utilizzando parti di ricambio originali e tecniche all'avanguardia.<\/p><p><strong>Fai la Scelta Giusta: Affidati a Noi per le Tue Esigenze Smartphone<\/strong><\/p><p>Scegli Computer &amp; Informatica - SD6 srl per la vendita di smartphone di alta qualit\u00e0 e per una riparazione affidabile. La tua esperienza con noi \u00e8 sinonimo di professionalit\u00e0, qualit\u00e0 e assistenza senza pari.<\/p><p>Esplora le possibilit\u00e0. Unisciti a noi nel mondo degli smartphone, dove tecnologia e supporto si combinano per offrirti un'esperienza senza interruzioni.<\/p>\t<\/div>\n<\/div>\n<\/div>\n\t\t\t\t<\/div>\n\t\t\t\t<\/div>\n\t\t\t\t\t<\/div>\n\t\t<\/div>\n\t\t\t\t\t<\/div>\n\t\t<\/section>\n\t\t\t\t<section class=\"elementor-section elementor-top-section elementor-element elementor-element-39187c5 elementor-section-full_width elementor-section-height-default elementor-section-height-default\" data-id=\"39187c5\" data-element_type=\"section\" data-e-type=\"section\" data-settings=\"{&quot;background_background&quot;:&quot;classic&quot;}\">\n\t\t\t\t\t\t<div class=\"elementor-container elementor-column-gap-no\">\n\t\t\t\t\t<div class=\"elementor-column elementor-col-50 elementor-top-column elementor-element elementor-element-4422422\" data-id=\"4422422\" data-element_type=\"column\" data-e-type=\"column\">\n\t\t\t<div class=\"elementor-widget-wrap elementor-element-populated\">\n\t\t\t\t\t\t<div class=\"elementor-element elementor-element-dbd3a5d elementor-widget elementor-widget-leroux_core_section_title\" data-id=\"dbd3a5d\" data-element_type=\"widget\" data-e-type=\"widget\" data-widget_type=\"leroux_core_section_title.default\">\n\t\t\t\t<div class=\"elementor-widget-container\">\n\t\t\t\t\t<div class=\"qodef-shortcode qodef-m  qodef-section-title qodef-alignment--left qodef-title-break--disabled\">\n\t\t<h2 class=\"qodef-m-title\" >\n\t\t\t\t\tRivenditore operatori telefonici\t\t\t<\/h2>\n\t<\/div>\n\t\t\t\t<\/div>\n\t\t\t\t<\/div>\n\t\t\t\t<div class=\"elementor-element elementor-element-48602fa elementor-widget elementor-widget-text-editor\" data-id=\"48602fa\" data-element_type=\"widget\" data-e-type=\"widget\" data-widget_type=\"text-editor.default\">\n\t\t\t\t<div class=\"elementor-widget-container\">\n\t\t\t\t\t\t\t\t\t<p style=\"text-align: left;\"><strong>Benvenuti nel Mondo delle Connessioni Affidabili: Rivenditore Autorizzato Wind, Vodafone, Iliad, Eolo<\/strong><\/p><p style=\"text-align: left;\">Presso Computer &amp; Informatica &#8211; SD6 srl, siamo orgogliosi di essere il tuo partner fidato per tutte le tue esigenze di connettivit\u00e0. In qualit\u00e0 di rivenditore autorizzato di Wind, Vodafone, Iliad, Eolo offriamo soluzioni complete e servizi di telefonia di alta qualit\u00e0.<\/p>\t\t\t\t\t\t\t\t<\/div>\n\t\t\t\t<\/div>\n\t\t\t\t<div class=\"elementor-element elementor-element-830957a elementor-widget elementor-widget-image\" data-id=\"830957a\" data-element_type=\"widget\" data-e-type=\"widget\" data-widget_type=\"image.default\">\n\t\t\t\t<div class=\"elementor-widget-container\">\n\t\t\t\t\t\t\t\t\t\t\t\t\t\t\t<img decoding=\"async\" width=\"795\" height=\"92\" src=\"https:\/\/sd6.io\/wp-content\/uploads\/2023\/08\/operatori.png\" class=\"attachment-large size-large wp-image-11384\" alt=\"\" srcset=\"https:\/\/sd6.io\/wp-content\/uploads\/2023\/08\/operatori.png 795w, https:\/\/sd6.io\/wp-content\/uploads\/2023\/08\/operatori-600x69.png 600w, https:\/\/sd6.io\/wp-content\/uploads\/2023\/08\/operatori-300x35.png 300w, https:\/\/sd6.io\/wp-content\/uploads\/2023\/08\/operatori-768x89.png 768w\" sizes=\"(max-width: 795px) 100vw, 795px\" \/>\t\t\t\t\t\t\t\t\t\t\t\t\t\t\t<\/div>\n\t\t\t\t<\/div>\n\t\t\t\t\t<\/div>\n\t\t<\/div>\n\t\t\t\t<div class=\"elementor-column elementor-col-50 elementor-top-column elementor-element elementor-element-26c9074\" data-id=\"26c9074\" data-element_type=\"column\" data-e-type=\"column\">\n\t\t\t<div class=\"elementor-widget-wrap elementor-element-populated\">\n\t\t\t\t\t\t<div class=\"elementor-element elementor-element-7718b2d elementor-hidden-mobile elementor-widget elementor-widget-leroux_core_single_image\" data-id=\"7718b2d\" data-element_type=\"widget\" data-e-type=\"widget\" data-widget_type=\"leroux_core_single_image.default\">\n\t\t\t\t<div class=\"elementor-widget-container\">\n\t\t\t\t\t<div class=\"qodef-shortcode qodef-m  qodef-single-image qodef-layout--default   \">\n\t\t\t<div class=\"qodef-m-image\">\n\t\t\t\t\t\t\t\t<img decoding=\"async\" width=\"1920\" height=\"1280\" src=\"https:\/\/sd6.io\/wp-content\/uploads\/2023\/08\/female-company-office-worker-in-formal-wear-uses-m-2022-09-01-21-29-45-utcweb.jpg\" class=\"attachment-full size-full\" alt=\"\" srcset=\"https:\/\/sd6.io\/wp-content\/uploads\/2023\/08\/female-company-office-worker-in-formal-wear-uses-m-2022-09-01-21-29-45-utcweb.jpg 1920w, https:\/\/sd6.io\/wp-content\/uploads\/2023\/08\/female-company-office-worker-in-formal-wear-uses-m-2022-09-01-21-29-45-utcweb-600x400.jpg 600w, https:\/\/sd6.io\/wp-content\/uploads\/2023\/08\/female-company-office-worker-in-formal-wear-uses-m-2022-09-01-21-29-45-utcweb-300x200.jpg 300w, https:\/\/sd6.io\/wp-content\/uploads\/2023\/08\/female-company-office-worker-in-formal-wear-uses-m-2022-09-01-21-29-45-utcweb-1024x683.jpg 1024w, https:\/\/sd6.io\/wp-content\/uploads\/2023\/08\/female-company-office-worker-in-formal-wear-uses-m-2022-09-01-21-29-45-utcweb-768x512.jpg 768w, https:\/\/sd6.io\/wp-content\/uploads\/2023\/08\/female-company-office-worker-in-formal-wear-uses-m-2022-09-01-21-29-45-utcweb-1536x1024.jpg 1536w\" sizes=\"(max-width: 1920px) 100vw, 1920px\" \/>\t\t\t\t\t\t\t<\/div>\n\t<\/div>\n\t\t\t\t<\/div>\n\t\t\t\t<\/div>\n\t\t\t\t\t<\/div>\n\t\t<\/div>\n\t\t\t\t\t<\/div>\n\t\t<\/section>\n\t\t\t\t<section class=\"elementor-section elementor-top-section elementor-element elementor-element-618cc23 elementor-section-full_width elementor-section-height-default elementor-section-height-default\" data-id=\"618cc23\" data-element_type=\"section\" data-e-type=\"section\">\n\t\t\t\t\t\t<div class=\"elementor-container elementor-column-gap-default\">\n\t\t\t\t\t<div class=\"elementor-column elementor-col-100 elementor-top-column elementor-element elementor-element-def2071\" data-id=\"def2071\" data-element_type=\"column\" data-e-type=\"column\">\n\t\t\t<div class=\"elementor-widget-wrap elementor-element-populated\">\n\t\t\t\t\t\t<div class=\"elementor-element elementor-element-12028c3 elementor-widget elementor-widget-google_maps\" data-id=\"12028c3\" data-element_type=\"widget\" data-e-type=\"widget\" data-widget_type=\"google_maps.default\">\n\t\t\t\t<div class=\"elementor-widget-container\">\n\t\t\t\t\t\t\t<div class=\"elementor-custom-embed\">\n\t\t\t<iframe loading=\"lazy\"\n\t\t\t\t\tsrc=\"https:\/\/maps.google.com\/maps?q=computer%20%26%20informatica%20pieve%20di%20cadore&#038;t=m&#038;z=10&#038;output=embed&#038;iwloc=near\"\n\t\t\t\t\ttitle=\"computer &amp; informatica pieve di cadore\"\n\t\t\t\t\taria-label=\"computer &amp; informatica pieve di cadore\"\n\t\t\t><\/iframe>\n\t\t<\/div>\n\t\t\t\t\t\t<\/div>\n\t\t\t\t<\/div>\n\t\t\t\t\t<\/div>\n\t\t<\/div>\n\t\t\t\t\t<\/div>\n\t\t<\/section>\n\t\t\t\t<\/div>\n\t\t","protected":false},"excerpt":{"rendered":"<p>Mondo consumer Vendita e assistenza MAC e PC Benvenuti nel Mondo dei PC e Mac: Vendita e Assistenza all&#8217;Avanguardia Presso Computer &amp; Informatica &#8211; SD6 srl, ci dedichiamo ad offrire un servizio completo per l&#8217;acquisto, la personalizzazione e l&#8217;assistenza di PC e Mac, soddisfacendo le esigenze digitali con passione e competenza. Scelta Senza Confini: PC [&hellip;]<\/p>\n","protected":false},"author":1,"featured_media":0,"parent":0,"menu_order":0,"comment_status":"closed","ping_status":"closed","template":"page-full-width.php","meta":{"footnotes":""},"class_list":["post-11373","page","type-page","status-publish","hentry"],"_links":{"self":[{"href":"https:\/\/sd6.io\/index.php\/wp-json\/wp\/v2\/pages\/11373","targetHints":{"allow":["GET"]}}],"collection":[{"href":"https:\/\/sd6.io\/index.php\/wp-json\/wp\/v2\/pages"}],"about":[{"href":"https:\/\/sd6.io\/index.php\/wp-json\/wp\/v2\/types\/page"}],"author":[{"embeddable":true,"href":"https:\/\/sd6.io\/index.php\/wp-json\/wp\/v2\/users\/1"}],"replies":[{"embeddable":true,"href":"https:\/\/sd6.io\/index.php\/wp-json\/wp\/v2\/comments?post=11373"}],"version-history":[{"count":10,"href":"https:\/\/sd6.io\/index.php\/wp-json\/wp\/v2\/pages\/11373\/revisions"}],"predecessor-version":[{"id":11393,"href":"https:\/\/sd6.io\/index.php\/wp-json\/wp\/v2\/pages\/11373\/revisions\/11393"}],"wp:attachment":[{"href":"https:\/\/sd6.io\/index.php\/wp-json\/wp\/v2\/media?parent=11373"}],"curies":[{"name":"wp","href":"https:\/\/api.w.org\/{rel}","templated":true}]}}